{"id":636,"date":"2025-09-01T12:25:45","date_gmt":"2025-09-01T10:25:45","guid":{"rendered":"https:\/\/www.canpidelaserra.es\/granja\/?page_id=636"},"modified":"2025-09-01T12:26:40","modified_gmt":"2025-09-01T10:26:40","slug":"politica-de-cookies","status":"publish","type":"page","link":"https:\/\/www.canpidelaserra.es\/granja\/ca\/politica-de-cookies\/","title":{"rendered":"Pol\u00edtica de CooKies"},"content":{"rendered":"<div class=\"wpb-content-wrapper\"><div class=\"vc_row wpb_row vc_row-fluid vc_custom_1756721542371 vc_row-has-fill wd-rs-68b5716dd6505\"><div class=\"wpb_column vc_column_container vc_col-sm-2\"><div class=\"vc_column-inner\"><div class=\"wpb_wrapper\"><\/div><\/div><\/div><div class=\"wpb_column vc_column_container vc_col-sm-8\"><div class=\"vc_column-inner\"><div class=\"wpb_wrapper\">\n\t<div class=\"wpb_text_column wpb_content_element\" >\n\t\t<div class=\"wpb_wrapper\">\n\t\t\t<h3 style=\"text-align: center;\"><span style=\"color: #000000;\">Pol\u00edtica de Cookies<\/span><\/h3>\n<p style=\"text-align: center;\"><span style=\"color: #000000;\">www.canpidelaserra.es<\/span><\/p>\n<hr \/>\n<p>&nbsp;<\/p>\n<p style=\"text-align: justify;\"><span style=\"color: #000000;\">L\u2019acc\u00e9s a aquest Lloc Web pot implicar la utilitzaci\u00f3 de cookies. Les <b>cookies<\/b> s\u00f3n petites quantitats d\u2019informaci\u00f3 que s\u2019emmagatzemen al <span class=\"citation-671\">navegador utilitzat per cada Usuari \u2014en els diferents dispositius que pugui utilitzar per navegar\u2014 perqu\u00e8 el servidor recordi certa informaci\u00f3 que posteriorment i \u00fanicament el servidor que la va implementar llegir\u00e0. Les <\/span><b><span class=\"citation-671\">cookies<\/span><\/b><span class=\"citation-671 citation-end-671\"> faciliten la navegaci\u00f3, la fan m\u00e9s a<\/span>migable, i no danyen el dispositiu de navegaci\u00f3.<\/span><\/p>\n<div class=\"source-inline-chip-container ng-star-inserted\" style=\"text-align: justify;\"><\/div>\n<p style=\"text-align: justify;\"><span style=\"color: #000000;\">Les <b>cookies<\/b> s\u00f3n procediments autom\u00e0tics de recollida d\u2019informaci\u00f3 relativa a les prefer\u00e8ncies determinades per l\u2019Usuari durant la seva visita al Lloc Web per tal de recon\u00e8ixer-lo com a Usuari, i personalitzar la seva experi\u00e8ncia i l\u2019\u00fas del Lloc Web, i poden tamb\u00e9, per exemple, ajudar a identificar i resoldre errors.<\/span><\/p>\n<p style=\"text-align: justify;\"><span style=\"color: #000000;\">La informaci\u00f3 recollida a trav\u00e9s de les <b>cookies<\/b> pot incloure la data i hora de visites al Lloc Web, les p\u00e0gines visionades, el temps que ha estat al Lloc Web i els llocs visitats just abans i despr\u00e9s. No obstant aix\u00f2, cap <b>cookie<\/b> permet que aquesta mateixa pugui contactar-se amb el n\u00famero de tel\u00e8fon de l\u2019Usuari o amb qualsevol altre mitj\u00e0 de contacte personal. Cap <b>cookie<\/b> pot extreure informaci\u00f3 del <span class=\"citation-670\">disc dur de l\u2019Usuari o robar informaci\u00f3 personal. L\u2019\u00fanica manera que la informaci\u00f3 privada de l\u2019Usuari formi part del fitxer <\/span><b><span class=\"citation-670\">Cookie<\/span><\/b><span class=\"citation-670 citation-end-670\"> \u00e9s que l\u2019usuari doni personalment aquesta informaci\u00f3 al servidor.<\/span><\/span><\/p>\n<div class=\"source-inline-chip-container ng-star-inserted\" style=\"text-align: justify;\"><\/div>\n<p style=\"text-align: justify;\"><span style=\"color: #000000;\"><span class=\"citation-669 citation-end-669\">Les <\/span><b>cookies<\/b> que permeten identificar una persona es consideren dades personals. Per tant, a aquestes se\u2019ls aplicar\u00e0 la Pol\u00edtica de Privacitat anteriorment descrita. En aquest sentit, per a la utilitzaci\u00f3 d\u2019aquestes ser\u00e0 necessari el consentiment de l\u2019Usuari. Aquest consentiment ser\u00e0 comunicat, sobre la base d\u2019una elecci\u00f3 aut\u00e8ntica, ofert mitjan\u00e7ant una decisi\u00f3 afirmativa i positiva, abans del tractament inicial, removible i documentat.<\/span><\/p>\n<div class=\"source-inline-chip-container ng-star-inserted\" style=\"text-align: justify;\"><\/div>\n<h4 style=\"text-align: justify;\"><span style=\"color: #000000;\">Cookies pr\u00f2pies<\/span><\/h4>\n<p style=\"text-align: justify;\"><span style=\"color: #000000;\">S\u00f3n aquelles <b>cookies<\/b> que s\u00f3n enviades a l\u2019ordinador o dispositiu de l\u2019Usuari i gestionades exclusivament per Granja Escola per al millor funcionament del Lloc Web. La informaci\u00f3 que es recull s\u2019utilitza per millorar la qualitat del Lloc Web i el seu Contingut i la seva experi\u00e8ncia com a Usuari. Aquestes <b>cookies<\/b> permeten recon\u00e8ixer l\u2019Usuari com a visitant recurrent del Lloc Web i adaptar el contingut per oferir-li continguts que s\u2019ajustin a les seves prefer\u00e8ncies.<\/span><\/p>\n<h4 style=\"text-align: justify;\"><span style=\"color: #000000;\">Cookies de tercers<\/span><\/h4>\n<p style=\"text-align: justify;\"><span style=\"color: #000000;\">S\u00f3n <b>cookies<\/b> utilitzades i gestionades per entitats externes que proporcionen a Granja Escola serveis sol\u00b7licitats per aquest mateix per millorar el Lloc Web i l\u2019experi\u00e8ncia de l\u2019usuari en navegar al Lloc Web. Els principals objectius per als quals s\u2019utilitzen <b>cookies<\/b> de tercers s\u00f3n l\u2019obtenci\u00f3 d\u2019estad\u00edstiques d\u2019accessos i analitzar la informaci\u00f3 de la navegaci\u00f3, \u00e9s a dir, com interactua l\u2019Usuari amb el Lloc Web.<\/span><\/p>\n<p style=\"text-align: justify;\"><span style=\"color: #000000;\">La informaci\u00f3 que s\u2019obt\u00e9 es refereix, per exemple, al nombre de p\u00e0gines visitades, l\u2019idioma, el lloc a qu\u00e8 <span class=\"citation-668\">l\u2019adre\u00e7a IP des del qual accedeix l\u2019Usuari, el nombre d\u2019Usuaris que accedeixen, la freq\u00fc\u00e8ncia i reincid\u00e8ncia de les visites, el temps de visita, el navegador que usen, l\u2019operador o tipus de dispositiu des del qual es realitza <\/span><span class=\"citation-667 citation-668 citation-end-668\">la visita. Aquesta informaci\u00f3 s\u2019utilitza pe<\/span><span class=\"citation-667\">r millorar el Lloc Web, i detectar noves necessitats per oferir als Usuaris un Contingut i\/o servei d\u2019\u00f2ptima qualitat. En tot cas, la informaci\u00f3 es recopila de forma <\/span><span class=\"citation-666 citation-667 citation-end-667\">an\u00f2nima i s\u2019elaboren informes de tend\u00e8ncies del Lloc Web sense identific<\/span><span class=\"citation-666 citation-end-666\">ar usuaris individuals.<\/span><\/span><\/p>\n<div class=\"source-inline-chip-container ng-star-inserted\" style=\"text-align: justify;\"><\/div>\n<div class=\"source-inline-chip-container ng-star-inserted\" style=\"text-align: justify;\"><\/div>\n<div class=\"source-inline-chip-container ng-star-inserted\" style=\"text-align: justify;\"><\/div>\n<p style=\"text-align: justify;\"><span style=\"color: #000000;\"><span class=\"citation-665\">Podeu obtenir m\u00e9s informaci\u00f3 sobre les <\/span><b><span class=\"citation-665\">cookies<\/span><\/b><span class=\"citation-665\">, la informaci\u00f3 sobre la privacitat, o consultar la descripci\u00f3 del tipus de <\/span><b><span class=\"citation-665\">cookies<\/span><\/b><span class=\"citation-665 citation-end-665\"> que s\u2019utilitza, les seves principals caracter\u00edstiques, per\u00edode d\u2019expiraci\u00f3, etc. en el<\/span>(s) enlla\u00e7(os) seg\u00fcent(s):<\/span><\/p>\n<div class=\"source-inline-chip-container ng-star-inserted\" style=\"text-align: justify;\"><\/div>\n<p style=\"text-align: justify;\"><span style=\"color: #000000;\">L&#8217;entitat(s) encarregada(s) del subministrament de <b>cookies<\/b> podr\u00e0(n) cedir aquesta informaci\u00f3 a tercers, sempre que ho exigeixi la llei o sigui un tercer el que processi aquesta informaci\u00f3 per a aquestes entitats.<\/span><\/p>\n<h4 style=\"text-align: justify;\"><span style=\"color: #000000;\">Cookies de xarxes socials<\/span><\/h4>\n<p style=\"text-align: justify;\"><span style=\"color: #000000;\">Granja Escola incorpora plugins de xarxes socials, que permeten accedir a aquestes a partir del Lloc Web. Per aquesta ra\u00f3, les <b>cookies<\/b> de xarxes socials poden emmagatzemar-se al navegador de l\u2019Usuari. Els titulars d\u2019aquestes xarxes socials disposen de les seves pr\u00f2pies pol\u00edtiques de protecci\u00f3 de dades i de <b>cookies<\/b>, sent ells mateixos, en cada cas, responsables dels seus propis fitxers i de les seves pr\u00f2pies pr\u00e0ctiques de privacitat. L\u2019Usuari ha de referir-se a aquestes per informar-se sobre aquestes <b>cookies<\/b> i, si escau, del tractament de les seves dades personals. \u00danicament a t\u00edtol informatiu s\u2019indiquen a continuaci\u00f3 els enlla\u00e7os en els quals es poden consultar aquestes pol\u00edtiques de privacitat i\/o de <b>cookies<\/b>:<\/span><\/p>\n<ul style=\"text-align: justify;\">\n<li><span style=\"color: #000000;\">Facebook: <a class=\"ng-star-inserted\" style=\"color: #000000;\" href=\"https:\/\/www.facebook.com\/policies\/cookies\/\" target=\"_blank\" rel=\"noopener\" data-hveid=\"0\" data-ved=\"0CAAQ_4QMahgKEwjy043oqLePAxUAAAAAHQAAAAAQogE\">https:\/\/www.facebook.com\/policies\/cookies\/<\/a><\/span><\/li>\n<li><span style=\"color: #000000;\">Twitter: <a class=\"ng-star-inserted\" style=\"color: #000000;\" href=\"https:\/\/twitter.com\/es\/privacy\" target=\"_blank\" rel=\"noopener\" data-hveid=\"0\" data-ved=\"0CAAQ_4QMahgKEwjy043oqLePAxUAAAAAHQAAAAAQowE\">https:\/\/twitter.com\/es\/privacy<\/a><\/span><\/li>\n<li><span style=\"color: #000000;\">Instagram: <a class=\"ng-star-inserted\" style=\"color: #000000;\" href=\"https:\/\/help.instagram.com\/1896641480634370?ref=ig\" target=\"_blank\" rel=\"noopener\" data-hveid=\"0\" data-ved=\"0CAAQ_4QMahgKEwjy043oqLePAxUAAAAAHQAAAAAQpAE\">https:\/\/help.instagram.com\/1896641480634370?ref=ig<\/a><\/span><\/li>\n<li><span style=\"color: #000000;\">YouTube: <a class=\"ng-star-inserted\" style=\"color: #000000;\" href=\"https:\/\/policies.google.com\/privacy?hl=es-419&amp;gl=mx\" target=\"_blank\" rel=\"noopener\" data-hveid=\"0\" data-ved=\"0CAAQ_4QMahgKEwjy043oqLePAxUAAAAAHQAAAAAQpQE\">https:\/\/policies.google.com\/privacy?hl=es-419&amp;gl=mx<\/a><\/span><\/li>\n<li><span style=\"color: #000000;\">Pinterest: <a class=\"ng-star-inserted\" style=\"color: #000000;\" href=\"https:\/\/policy.pinterest.com\/es\/privacy-policy\" target=\"_blank\" rel=\"noopener\" data-hveid=\"0\" data-ved=\"0CAAQ_4QMahgKEwjy043oqLePAxUAAAAAHQAAAAAQpgE\">https:\/\/policy.pinterest.com\/es\/privacy-policy<\/a><\/span><\/li>\n<li><span style=\"color: #000000;\">LinkedIn: <a class=\"ng-star-inserted\" style=\"color: #000000;\" href=\"https:\/\/www.linkedin.com\/legal\/cookie-policy?trk=hp-cookies\" target=\"_blank\" rel=\"noopener\" data-hveid=\"0\" data-ved=\"0CAAQ_4QMahgKEwjy043oqLePAxUAAAAAHQAAAAAQpwE\">https:\/\/www.linkedin.com\/legal\/cookie-policy?trk=hp-cookies<\/a><\/span><\/li>\n<\/ul>\n<h4 style=\"text-align: justify;\"><span style=\"color: #000000;\">Deshabilitar, rebutjar i eliminar cookies<\/span><\/h4>\n<p style=\"text-align: justify;\"><span style=\"color: #000000;\">L\u2019Usuari pot deshabilitar, rebutjar i eliminar les <b>cookies<\/b> \u2014totalment o parcialment\u2014 instal\u00b7lades al seu dispositiu mitjan\u00e7ant la configuraci\u00f3 del seu navegador (entre els quals es troben, per exemple, Chrome, Firefox, Safari, Explorer). En aquest sentit, els procediments per rebutjar i eliminar les <b>cookies<\/b> poden <span class=\"citation-664\">diferir d\u2019un navegador d\u2019Internet a un altre. En conseq\u00fc\u00e8ncia, l\u2019Usuari ha d\u2019acudir a les instruccions facilitades pel mateix navegador d\u2019Internet que estigui utilitzant. En el cas que rebutgi l\u2019\u00fas de <\/span><b><span class=\"citation-664\">cookies<\/span><\/b><span class=\"citation-664 citation-end-664\"> \u2014totalment o parcialment\u2014 podr\u00e0 seguir<\/span> utilitzant el Lloc Web, si b\u00e9 podr\u00e0 tenir limitada la utilitzaci\u00f3 d\u2019algunes de les prestacions d\u2019aquest.<\/span><\/p>\n\n\t\t<\/div>\n\t<\/div>\n<\/div><\/div><\/div><div class=\"wpb_column vc_column_container vc_col-sm-2\"><div class=\"vc_column-inner\"><div class=\"wpb_wrapper\"><\/div><\/div><\/div><\/div>\n<\/div>","protected":false},"excerpt":{"rendered":"Pol\u00edtica de Cookies www.canpidelaserra.es &nbsp; L\u2019acc\u00e9s a aquest Lloc Web pot implicar la utilitzaci\u00f3 de cookies. Les cookies s\u00f3n petites","protected":false},"author":1,"featured_media":0,"parent":0,"menu_order":0,"comment_status":"closed","ping_status":"closed","template":"","meta":{"footnotes":""},"class_list":["post-636","page","type-page","status-publish","hentry"],"_links":{"self":[{"href":"https:\/\/www.canpidelaserra.es\/granja\/ca\/wp-json\/wp\/v2\/pages\/636","targetHints":{"allow":["GET"]}}],"collection":[{"href":"https:\/\/www.canpidelaserra.es\/granja\/ca\/wp-json\/wp\/v2\/pages"}],"about":[{"href":"https:\/\/www.canpidelaserra.es\/granja\/ca\/wp-json\/wp\/v2\/types\/page"}],"author":[{"embeddable":true,"href":"https:\/\/www.canpidelaserra.es\/granja\/ca\/wp-json\/wp\/v2\/users\/1"}],"replies":[{"embeddable":true,"href":"https:\/\/www.canpidelaserra.es\/granja\/ca\/wp-json\/wp\/v2\/comments?post=636"}],"version-history":[{"count":1,"href":"https:\/\/www.canpidelaserra.es\/granja\/ca\/wp-json\/wp\/v2\/pages\/636\/revisions"}],"predecessor-version":[{"id":637,"href":"https:\/\/www.canpidelaserra.es\/granja\/ca\/wp-json\/wp\/v2\/pages\/636\/revisions\/637"}],"wp:attachment":[{"href":"https:\/\/www.canpidelaserra.es\/granja\/ca\/wp-json\/wp\/v2\/media?parent=636"}],"curies":[{"name":"wp","href":"https:\/\/api.w.org\/{rel}","templated":true}]}}